{"id":29,"date":"2021-10-19T03:52:06","date_gmt":"2021-10-19T03:52:06","guid":{"rendered":"https:\/\/hara.thembaydev.com\/demo-3\/?page_id=29"},"modified":"2024-05-17T20:07:52","modified_gmt":"2024-05-17T18:07:52","slug":"faq","status":"publish","type":"page","link":"https:\/\/corainspiration.fr\/?page_id=29","title":{"rendered":"CGU"},"content":{"rendered":"\t\t<div data-elementor-type=\"wp-page\" data-elementor-id=\"29\" class=\"elementor elementor-29\" data-elementor-post-type=\"page\">\n\t\t\t\t\t\t<section class=\"elementor-section elementor-top-section elementor-element elementor-element-bee9286 elementor-section-boxed elementor-section-height-default elementor-section-height-default\" data-id=\"bee9286\" data-element_type=\"section\">\n\t\t\t\t\t\t<div class=\"elementor-container elementor-column-gap-default\">\n\t\t\t\t\t<div class=\"aux-parallax-section elementor-column elementor-col-100 elementor-top-column elementor-element elementor-element-0646b1f\" data-id=\"0646b1f\" data-element_type=\"column\">\n\t\t\t<div class=\"elementor-widget-wrap elementor-element-populated\">\n\t\t\t\t\t\t<div class=\"elementor-element elementor-element-51546fb elementor-widget elementor-widget-text-editor\" data-id=\"51546fb\" data-element_type=\"widget\" data-widget_type=\"text-editor.default\">\n\t\t\t\t<div class=\"elementor-widget-container\">\n\t\t\t\t\t\t\t\t\t<div class=\"mobile_menu_wrapper\"><div class=\"mobile_menu_content\"><div class=\"menu-menu-principale-container\"><h2>CGU<\/h2><\/div><\/div><\/div><div id=\"wrapper\" class=\" \"><div id=\"page_content_wrapper\" class=\" \"><div class=\"inner\"><div class=\"inner_wrapper\"><div class=\"sidebar_content full_width\"><h2 class=\"wp-block-heading\">Conditions G\u00e9n\u00e9rales d\u2019Utilisations<\/h2><h2 class=\"wp-block-heading\">En vigueur au 19\/05\/2024<\/h2><p>Les pr\u00e9sentes conditions g\u00e9n\u00e9rales d\u2019utilisation (dites \u00ab CGU \u00bb) ont pour objet l\u2019encadrement juridique des modalit\u00e9s de mise \u00e0 disposition du site, des services et de d\u00e9finir les conditions d\u2019acc\u00e8s et d\u2019utilisation des services par \u00ab l\u2019Utilisateur \u00bb.<br \/>Les pr\u00e9sentes CGU sont accessibles sur le site \u00e0 la rubrique \u00abCGU\u00bb.<\/p><p>Toute inscription ou utilisation du site implique l\u2019acceptation sans aucune r\u00e9serve ni restriction des pr\u00e9sentes CGU par l\u2019utilisateur. Lors de l\u2019inscription sur le site via le Formulaire d\u2019inscription, chaque utilisateur accepte express\u00e9ment les pr\u00e9sentes CGU en cochant la case pr\u00e9c\u00e9dant le texte suivant :<br \/><em>\u00ab Je reconnais avoir lu et compris les CGU et je les accepte \u00bb.<\/em><\/p><p>En cas de non-acceptation des CGU stipul\u00e9es dans le pr\u00e9sent contrat, l\u2019Utilisateur se doit de renoncer \u00e0 l\u2019acc\u00e8s des services propos\u00e9s par le site.<br \/>https:\/\/corainspiration.fr\/ se r\u00e9serve le droit de modifier unilat\u00e9ralement et \u00e0 tout moment le contenu des pr\u00e9sentes CGU.<\/p><h2 class=\"wp-block-heading\">ARTICLE 1 : Les mentions l\u00e9gales<\/h2><p>L\u2019\u00e9dition et la direction de la publication du site\u00a0 https:\/\/corainspiration.fr\/ est assur\u00e9e par Bazillon Coralie<\/p><p class=\"aux-modern-heading-secondary\"><span class=\"aux-head-before\">les vall\u00e9es ,37150 Bl\u00e9r\u00e9, France<\/span><\/p><p>Num\u00e9ro de t\u00e9l\u00e9phone :<\/p><p class=\"aux-modern-heading-secondary\"><span class=\"aux-head-before\">06 44 79 95 33 <\/span><\/p><p class=\"aux-modern-heading-secondary\">Adresse e-mail :<\/p><p class=\"aux-modern-heading-secondary\"><span class=\"aux-head-before\">bazilloncoralie@gmail.com<\/span><\/p><p class=\"aux-modern-heading-secondary\">L\u2019h\u00e9bergeur du site<\/p><p class=\"aux-modern-heading-secondary\"><blockquote class=\"wp-embedded-content\" data-secret=\"smhEyItEKh\"><a href=\"https:\/\/corainspiration.fr\/\">Accueil<\/a><\/blockquote><iframe class=\"wp-embedded-content\" sandbox=\"allow-scripts\" security=\"restricted\" style=\"position: absolute; clip: rect(1px, 1px, 1px, 1px);\" title=\"\u00ab\u00a0Accueil\u00a0\u00bb &#8212; CoraInspiration\" src=\"https:\/\/corainspiration.fr\/?embed=true#?secret=rRtLlPVwsd#?secret=smhEyItEKh\" data-secret=\"smhEyItEKh\" width=\"500\" height=\"282\" frameborder=\"0\" marginwidth=\"0\" marginheight=\"0\" scrolling=\"no\"><\/iframe><\/p><p class=\"aux-modern-heading-secondary\">\u00a0est la soci\u00e9t\u00e9 OVH., dont le si\u00e8ge social est situ\u00e9 au 2 rue Kellermann \u2013 59100 Roubaix \u2013 France RCS Lille M\u00e9tropole 424 761 419 00045 Code APE 2620Z N\u00b0 TVA : FR 22 424 761 419<\/p><h2 class=\"wp-block-heading\">ARTICLE 2 : Acc\u00e8s au site<\/h2><p>Le site https:\/\/corainspiration.fr\/ permet \u00e0 l\u2019Utilisateur un acc\u00e8s aux services suivants :<\/p><p>S\u00e9ance, informations.<\/p><p>Le site est accessible gratuitement en tout lieu \u00e0 tout Utilisateur ayant un acc\u00e8s \u00e0 Internet. Tous les frais support\u00e9s par l\u2019Utilisateur pour acc\u00e9der au service (mat\u00e9riel informatique, logiciels, connexion Internet, etc.) sont \u00e0 sa charge.<\/p><h2 class=\"wp-block-heading\">ARTICLE 3 : Paiement, r\u00e9servation, annulation<\/h2><p>\u00a0Les s\u00e9ances sont r\u00e9servables par t\u00e9l\u00e9phone ou par mail. Le tarif en vigueur est indiqu\u00e9 sur le site dans \u201cTarif \u201d. Il peut y avoir des r\u00e9ductions, qui seront indiqu\u00e9es via une page pop up ou sur les r\u00e9seaux sociaux.<\/p><p>Les paiements se font uniquement en esp\u00e8ce ou en ch\u00e8que ou par virement.\u00a0<\/p><h2 class=\"wp-block-heading\">ARTICLE 4 : Collecte des donn\u00e9es<\/h2><p>Le site assure \u00e0 l\u2019Utilisateur une collecte et un traitement d\u2019informations personnelles dans le respect de la vie priv\u00e9e conform\u00e9ment \u00e0 la loi n\u00b078-17 du 6 janvier 1978 relative \u00e0 l\u2019informatique, aux fichiers et aux libert\u00e9s. Le site est d\u00e9clar\u00e9 \u00e0 la CNIL sous le num\u00e9ro \u201cEn cours\u201d.<br \/>En vertu de la loi Informatique et Libert\u00e9s, en date du 6 janvier 1978, l\u2019Utilisateur dispose d\u2019un droit d\u2019acc\u00e8s, de rectification, de suppression et d\u2019opposition de ses donn\u00e9es personnelles. L\u2019Utilisateur exerce ce droit :<\/p><ul><li>par mail \u00e0 l\u2019adresse mail:\u00a0 bazilloncoralie@gmail.com<\/li><li>par voie postale \u00e0 les vall\u00e9es ,37150 Bl\u00e9r\u00e9, France<\/li><\/ul><h2 class=\"wp-block-heading\">ARTICLE 5 : Propri\u00e9t\u00e9 intellectuelle<\/h2><p>Les marques, logos, signes ainsi que tous les contenus du site (textes, images, son\u2026) font l\u2019objet d\u2019une protection par le Code de la propri\u00e9t\u00e9 intellectuelle et plus particuli\u00e8rement par le droit d\u2019auteur.<\/p><p>L\u2019Utilisateur doit solliciter l\u2019autorisation pr\u00e9alable du site pour toute reproduction, publication, copie des diff\u00e9rents contenus. Il s\u2019engage \u00e0 une utilisation des contenus du site dans un cadre strictement priv\u00e9, toute utilisation \u00e0 des fins commerciales et publicitaires est strictement interdite.<\/p><p>Toute repr\u00e9sentation totale ou partielle de ce site par quelque proc\u00e9d\u00e9 que ce soit, sans l\u2019autorisation expresse de l\u2019exploitant du site Internet constituerait une contrefa\u00e7on sanctionn\u00e9e par l\u2019article L 335-2 et suivants du Code de la propri\u00e9t\u00e9 intellectuelle.<\/p><p>Il est rappel\u00e9 conform\u00e9ment \u00e0 l\u2019article L122-5 du Code de propri\u00e9t\u00e9 intellectuelle que l\u2019Utilisateur qui reproduit, copie ou publie le contenu prot\u00e9g\u00e9 doit citer l\u2019auteur et sa source.<\/p><h2 class=\"wp-block-heading\">ARTICLE 6 : Responsabilit\u00e9<\/h2><p>Les sources des informations diffus\u00e9es sur le site<\/p><p>Les sources des informations diffus\u00e9es sur le site \u00a0<\/p><p>Les sources des informations diffus\u00e9es sur le site https:\/\/corainspiration.fr\/<\/p><p>\u00a0sont r\u00e9put\u00e9es fiables mais le site ne garantit pas qu\u2019il soit exempt de d\u00e9fauts, d\u2019erreurs ou d\u2019omissions.<\/p><p>Les informations communiqu\u00e9es sont pr\u00e9sent\u00e9es \u00e0 titre indicatif et g\u00e9n\u00e9ral sans valeur contractuelle. Malgr\u00e9 des mises \u00e0 jour r\u00e9guli\u00e8res, le site https:\/\/corainspiration.fr\/ ne peut \u00eatre tenu responsable de la modification des dispositions administratives et juridiques survenant apr\u00e8s la publication. De m\u00eame, le site ne peut \u00eatre tenue responsable de l\u2019utilisation et de l\u2019interpr\u00e9tation de l\u2019information contenue dans ce site.<\/p><p>L\u2019Utilisateur s\u2019assure de garder son mot de passe secret. Toute divulgation du mot de passe, quelle que soit sa forme, est interdite. Il assume les risques li\u00e9s \u00e0 l\u2019utilisation de son identifiant et mot de passe. Le site d\u00e9cline toute responsabilit\u00e9.<\/p><p>Le site<em> https:\/\/corainspiration.fr\/ <\/em>ne peut \u00eatre tenu pour responsable d\u2019\u00e9ventuels virus qui pourraient infecter l\u2019ordinateur ou tout mat\u00e9riel informatique de l\u2019Internaute, suite \u00e0 une utilisation, \u00e0 l\u2019acc\u00e8s, ou au t\u00e9l\u00e9chargement provenant de ce site.<\/p><p>La responsabilit\u00e9 du site ne peut \u00eatre engag\u00e9e en cas de force majeure ou du fait impr\u00e9visible et insurmontable d\u2019un tiers.<\/p><h2 class=\"wp-block-heading\">ARTICLE 7 : Liens Hypertextes<\/h2><p>Des liens hypertextes peuvent \u00eatre pr\u00e9sents sur le site. L\u2019Utilisateur est inform\u00e9 qu\u2019en cliquant sur ces liens, il sortira du site\u00a0 https:\/\/corainspiration.fr\/. Ce dernier n\u2019a pas de contr\u00f4le sur les pages web sur lesquelles aboutissent ces liens et ne saurait, en aucun cas, \u00eatre responsable de leur contenu.<\/p><h2 class=\"wp-block-heading\">ARTICLE 8 : Cookies<\/h2><p>L\u2019Utilisateur est inform\u00e9 que lors de ses visites sur le site, un cookie peut s\u2019installer automatiquement sur son logiciel de navigation.<br \/>Les cookies sont de petits fichiers stock\u00e9s temporairement sur le disque dur de l\u2019ordinateur de l\u2019Utilisateur par votre navigateur et qui sont n\u00e9cessaires \u00e0 l\u2019utilisation du site\u00a0 https:\/\/corainspiration.fr\/. Les cookies ne contiennent pas d\u2019information personnelle et ne peuvent pas \u00eatre utilis\u00e9s pour identifier quelqu\u2019un. Un cookie contient un identifiant unique, g\u00e9n\u00e9r\u00e9 al\u00e9atoirement et donc anonyme. Certains cookies expirent \u00e0 la fin de la visite de l\u2019Utilisateur, d\u2019autres restent.<\/p><p>L\u2019information contenue dans les cookies est utilis\u00e9e pour am\u00e9liorer le site https:\/\/corainspiration.fr\/.<br \/>En naviguant sur le site, L\u2019Utilisateur les accepte.<\/p><p>L\u2019Utilisateur doit toutefois donner son consentement quant \u00e0 l\u2019utilisation de certains cookies.<br \/>A d\u00e9faut d\u2019acceptation, l\u2019Utilisateur est inform\u00e9 que certaines fonctionnalit\u00e9s ou pages risquent de lui \u00eatre refus\u00e9es.<\/p><p>L\u2019Utilisateur pourra d\u00e9sactiver ces cookies par l\u2019interm\u00e9diaire des param\u00e8tres figurant au sein de son logiciel de navigation.<\/p><h2 class=\"wp-block-heading\">ARTICLE 9 : Droit applicable et juridiction comp\u00e9tente<\/h2><p>La l\u00e9gislation fran\u00e7aise s\u2019applique au pr\u00e9sent contrat. En cas d\u2019absence de r\u00e9solution amiable d\u2019un litige n\u00e9 entre les parties, ce dernier sera port\u00e9 devant les tribunaux comp\u00e9tents de Tours.<\/p><p>Pour toute question relative \u00e0 l\u2019application des pr\u00e9sentes CGU, vous pouvez joindre l\u2019\u00e9diteur aux coordonn\u00e9es inscrites \u00e0 l\u2019ARTICLE 1.<\/p><\/div><\/div><\/div><\/div><\/div>\t\t\t\t\t\t\t\t<\/div>\n\t\t\t\t<\/div>\n\t\t\t\t\t<\/div>\n\t\t<\/div>\n\t\t\t\t\t<\/div>\n\t\t<\/section>\n\t\t\t\t<section class=\"elementor-section elementor-top-section elementor-element elementor-element-b767a9b elementor-section-content-middle elementor-section-boxed elementor-section-height-default elementor-section-height-default\" data-id=\"b767a9b\" data-element_type=\"section\">\n\t\t\t\t\t\t<div class=\"elementor-container elementor-column-gap-no\">\n\t\t\t\t\t<div class=\"aux-parallax-section elementor-column elementor-col-66 elementor-top-column elementor-element elementor-element-b63fa59\" data-id=\"b63fa59\" data-element_type=\"column\">\n\t\t\t<div class=\"elementor-widget-wrap elementor-element-populated\">\n\t\t\t\t\t\t<div class=\"elementor-element elementor-element-fce257f elementor-widget__width-auto elementor-widget elementor-widget-text-editor\" data-id=\"fce257f\" data-element_type=\"widget\" data-widget_type=\"text-editor.default\">\n\t\t\t\t<div class=\"elementor-widget-container\">\n\t\t\t\t\t\t\t\t\t<p>\u00a9 2024 Cora Inspiration.\u00a0<\/p>\t\t\t\t\t\t\t\t<\/div>\n\t\t\t\t<\/div>\n\t\t\t\t<div class=\"elementor-element elementor-element-1ed89ca elementor-widget__width-auto elementor-widget elementor-widget-text-editor\" data-id=\"1ed89ca\" data-element_type=\"widget\" data-widget_type=\"text-editor.default\">\n\t\t\t\t<div class=\"elementor-widget-container\">\n\t\t\t\t\t\t\t\t\t<div class=\"elementor-element elementor-element-34a8aa4 aux-appear-watch-animation aux-fade-in-up elementor-widget elementor-widget-aux_modern_heading aux-animated aux-animated-once\" data-id=\"34a8aa4\" data-element_type=\"widget\" data-widget_type=\"aux_modern_heading.default\"><div class=\"elementor-widget-container\"><section class=\"aux-widget-modern-heading\"><div class=\"aux-widget-inner\"><h5 class=\"aux-modern-heading-primary\">T\u00e9l\u00e9phone :<\/h5><h5 class=\"aux-modern-heading-secondary\"><span class=\"aux-head-before\">06 44 79 95 33<\/span><\/h5><\/div><\/section><\/div><\/div>\t\t\t\t\t\t\t\t<\/div>\n\t\t\t\t<\/div>\n\t\t\t\t<div class=\"elementor-element elementor-element-5f9e6b7 elementor-widget__width-auto elementor-widget elementor-widget-text-editor\" data-id=\"5f9e6b7\" data-element_type=\"widget\" data-widget_type=\"text-editor.default\">\n\t\t\t\t<div class=\"elementor-widget-container\">\n\t\t\t\t\t\t\t\t\t<div class=\"elementor-element elementor-element-34a8aa4 aux-appear-watch-animation aux-fade-in-up elementor-widget elementor-widget-aux_modern_heading aux-animated aux-animated-once\" data-id=\"34a8aa4\" data-element_type=\"widget\" data-widget_type=\"aux_modern_heading.default\"><div class=\"elementor-widget-container\"><section class=\"aux-widget-modern-heading\"><div class=\"aux-widget-inner\"><div class=\"elementor-element elementor-element-470c60f aux-appear-watch-animation aux-fade-in-up elementor-widget elementor-widget-aux_modern_heading aux-animated aux-animated-once\" data-id=\"470c60f\" data-element_type=\"widget\" data-widget_type=\"aux_modern_heading.default\"><div class=\"elementor-widget-container\"><section class=\"aux-widget-modern-heading\"><div class=\"aux-widget-inner\"><h5 class=\"aux-modern-heading-primary\">Email :<\/h5><h5 class=\"aux-modern-heading-secondary\"><span class=\"aux-head-before\">bazilloncoralie@gmail.com<\/span><\/h5><\/div><\/section><\/div><\/div><\/div><\/section><\/div><\/div>\t\t\t\t\t\t\t\t<\/div>\n\t\t\t\t<\/div>\n\t\t\t\t<div class=\"elementor-element elementor-element-ef44d95 elementor-widget__width-auto elementor-widget elementor-widget-text-editor\" data-id=\"ef44d95\" data-element_type=\"widget\" data-widget_type=\"text-editor.default\">\n\t\t\t\t<div class=\"elementor-widget-container\">\n\t\t\t\t\t\t\t\t\t<div class=\"elementor-element elementor-element-34a8aa4 aux-appear-watch-animation aux-fade-in-up elementor-widget elementor-widget-aux_modern_heading aux-animated aux-animated-once\" data-id=\"34a8aa4\" data-element_type=\"widget\" data-widget_type=\"aux_modern_heading.default\"><div class=\"elementor-widget-container\"><section class=\"aux-widget-modern-heading\"><div class=\"aux-widget-inner\"><div class=\"elementor-element elementor-element-470c60f aux-appear-watch-animation aux-fade-in-up elementor-widget elementor-widget-aux_modern_heading aux-animated aux-animated-once\" data-id=\"470c60f\" data-element_type=\"widget\" data-widget_type=\"aux_modern_heading.default\"><div class=\"elementor-widget-container\"><section class=\"aux-widget-modern-heading\"><div class=\"aux-widget-inner\"><h5 class=\"aux-modern-heading-primary\">Adresse :<\/h5><h5 class=\"aux-modern-heading-secondary\"><span class=\"aux-head-before\">les vall\u00e9es ,37150 Bl\u00e9r\u00e9, France<\/span><\/h5><\/div><\/section><\/div><\/div><\/div><\/section><\/div><\/div>\t\t\t\t\t\t\t\t<\/div>\n\t\t\t\t<\/div>\n\t\t\t\t<div class=\"elementor-element elementor-element-a453b22 elementor-widget__width-initial e-transform elementor-widget elementor-widget-text-editor\" data-id=\"a453b22\" data-element_type=\"widget\" data-settings=\"{&quot;_transform_translateX_effect&quot;:{&quot;unit&quot;:&quot;px&quot;,&quot;size&quot;:50,&quot;sizes&quot;:[]},&quot;_transform_translateY_effect&quot;:{&quot;unit&quot;:&quot;px&quot;,&quot;size&quot;:25,&quot;sizes&quot;:[]},&quot;_transform_translateX_effect_tablet&quot;:{&quot;unit&quot;:&quot;px&quot;,&quot;size&quot;:&quot;&quot;,&quot;sizes&quot;:[]},&quot;_transform_translateX_effect_mobile&quot;:{&quot;unit&quot;:&quot;px&quot;,&quot;size&quot;:&quot;&quot;,&quot;sizes&quot;:[]},&quot;_transform_translateY_effect_tablet&quot;:{&quot;unit&quot;:&quot;px&quot;,&quot;size&quot;:&quot;&quot;,&quot;sizes&quot;:[]},&quot;_transform_translateY_effect_mobile&quot;:{&quot;unit&quot;:&quot;px&quot;,&quot;size&quot;:&quot;&quot;,&quot;sizes&quot;:[]}}\" data-widget_type=\"text-editor.default\">\n\t\t\t\t<div class=\"elementor-widget-container\">\n\t\t\t\t\t\t\t\t\t<p><a href=\"https:\/\/corainspiration.fr\/?page_id=29\">CGU<\/a><\/p>\t\t\t\t\t\t\t\t<\/div>\n\t\t\t\t<\/div>\n\t\t\t\t<div class=\"elementor-element elementor-element-c7699b1 elementor-widget__width-initial e-transform elementor-widget elementor-widget-text-editor\" data-id=\"c7699b1\" data-element_type=\"widget\" data-settings=\"{&quot;_transform_translateX_effect&quot;:{&quot;unit&quot;:&quot;px&quot;,&quot;size&quot;:50,&quot;sizes&quot;:[]},&quot;_transform_translateY_effect&quot;:{&quot;unit&quot;:&quot;px&quot;,&quot;size&quot;:25,&quot;sizes&quot;:[]},&quot;_transform_translateX_effect_tablet&quot;:{&quot;unit&quot;:&quot;px&quot;,&quot;size&quot;:&quot;&quot;,&quot;sizes&quot;:[]},&quot;_transform_translateX_effect_mobile&quot;:{&quot;unit&quot;:&quot;px&quot;,&quot;size&quot;:&quot;&quot;,&quot;sizes&quot;:[]},&quot;_transform_translateY_effect_tablet&quot;:{&quot;unit&quot;:&quot;px&quot;,&quot;size&quot;:&quot;&quot;,&quot;sizes&quot;:[]},&quot;_transform_translateY_effect_mobile&quot;:{&quot;unit&quot;:&quot;px&quot;,&quot;size&quot;:&quot;&quot;,&quot;sizes&quot;:[]}}\" data-widget_type=\"text-editor.default\">\n\t\t\t\t<div class=\"elementor-widget-container\">\n\t\t\t\t\t\t\t\t\t<p><a href=\"https:\/\/corainspiration.fr\/?page_id=5120\">Mentions l\u00e9gales<\/a><\/p>\t\t\t\t\t\t\t\t<\/div>\n\t\t\t\t<\/div>\n\t\t\t\t\t<\/div>\n\t\t<\/div>\n\t\t\t\t<div class=\"aux-parallax-section elementor-column elementor-col-33 elementor-top-column elementor-element elementor-element-f0dec12 elementor-hidden-phone\" data-id=\"f0dec12\" data-element_type=\"column\">\n\t\t\t<div class=\"elementor-widget-wrap elementor-element-populated\">\n\t\t\t\t\t\t<div class=\"elementor-element elementor-element-e726e3a elementor-widget__width-initial elementor-widget elementor-widget-aux_icon_list\" data-id=\"e726e3a\" data-element_type=\"widget\" data-widget_type=\"aux_icon_list.default\">\n\t\t\t\t<div class=\"elementor-widget-container\">\n\t\t\t\t\t<section class=\"widget-container aux-widget-icon-list aux-parent-au20dd4e3b\"><div class=\"widget-inner\"><div class=\"aux-widget-icon-list-inner\"><ul class=\"aux-icon-list-items aux-direction-horizontal\"><li class=\"aux-icon-list-item aux-list-item-has-icon aux-icon-list-item-694bfa8 elementor-repeater-item-694bfa8\"><a class=\"aux-icon-list-link\" href=\"https:\/\/www.facebook.com\/profile.php?id=100089765702465\"><i aria-hidden=\"true\" class=\"aux-icon-list-icon fab fa-facebook\"><\/i><\/a><\/li><li class=\"aux-icon-list-item aux-list-item-has-icon aux-icon-list-item-5e06058 elementor-repeater-item-5e06058\"><a class=\"aux-icon-list-link\" href=\"https:\/\/www.instagram.com\/cora_inspiration\/\"><i aria-hidden=\"true\" class=\"aux-icon-list-icon fab fa-instagram\"><\/i><\/a><\/li><\/ul><\/div><\/div><\/section><!-- widget-container -->\t\t\t\t<\/div>\n\t\t\t\t<\/div>\n\t\t\t\t\t<\/div>\n\t\t<\/div>\n\t\t\t\t\t<\/div>\n\t\t<\/section>\n\t\t\t\t<\/div>\n\t\t","protected":false},"excerpt":{"rendered":"<p>CGU Conditions G\u00e9n\u00e9rales d\u2019Utilisations En vigueur au 19\/05\/2024 Les pr\u00e9sentes conditions g\u00e9n\u00e9rales d\u2019utilisation (dites \u00ab CGU \u00bb) ont pour objet l\u2019encadrement juridique des modalit\u00e9s de mise \u00e0 disposition du site, des services et de d\u00e9finir les conditions d\u2019acc\u00e8s et d\u2019utilisation des services par \u00ab l\u2019Utilisateur \u00bb.Les pr\u00e9sentes CGU sont accessibles sur le site \u00e0 la [&hellip;]<\/p>\n","protected":false},"author":1,"featured_media":0,"parent":0,"menu_order":0,"comment_status":"closed","ping_status":"closed","template":"","meta":{"footnotes":""},"class_list":["post-29","page","type-page","status-publish","hentry"],"_links":{"self":[{"href":"https:\/\/corainspiration.fr\/index.php?rest_route=\/wp\/v2\/pages\/29","targetHints":{"allow":["GET"]}}],"collection":[{"href":"https:\/\/corainspiration.fr\/index.php?rest_route=\/wp\/v2\/pages"}],"about":[{"href":"https:\/\/corainspiration.fr\/index.php?rest_route=\/wp\/v2\/types\/page"}],"author":[{"embeddable":true,"href":"https:\/\/corainspiration.fr\/index.php?rest_route=\/wp\/v2\/users\/1"}],"replies":[{"embeddable":true,"href":"https:\/\/corainspiration.fr\/index.php?rest_route=%2Fwp%2Fv2%2Fcomments&post=29"}],"version-history":[{"count":13,"href":"https:\/\/corainspiration.fr\/index.php?rest_route=\/wp\/v2\/pages\/29\/revisions"}],"predecessor-version":[{"id":5173,"href":"https:\/\/corainspiration.fr\/index.php?rest_route=\/wp\/v2\/pages\/29\/revisions\/5173"}],"wp:attachment":[{"href":"https:\/\/corainspiration.fr\/index.php?rest_route=%2Fwp%2Fv2%2Fmedia&parent=29"}],"curies":[{"name":"wp","href":"https:\/\/api.w.org\/{rel}","templated":true}]}}